{"id":17,"date":"2023-10-20T20:18:26","date_gmt":"2023-10-20T20:18:26","guid":{"rendered":"https:\/\/partidoalianza.com\/?page_id=17"},"modified":"2023-10-20T23:39:11","modified_gmt":"2023-10-20T23:39:11","slug":"contacto","status":"publish","type":"page","link":"https:\/\/partidoalianza.com\/?page_id=17","title":{"rendered":"Contacto"},"content":{"rendered":"<p><div class=\"fusion-fullwidth fullwidth-box fusion-builder-row-1 fusion-flex-container has-pattern-background has-mask-background nonhundred-percent-fullwidth non-hundred-percent-height-scrolling\" style=\"--awb-border-radius-top-left:0px;--awb-border-radius-top-right:0px;--awb-border-radius-bottom-right:0px;--awb-border-radius-bottom-left:0px;--awb-flex-wrap:wrap;\" ><div class=\"fusion-builder-row fusion-row fusion-flex-align-items-flex-start fusion-flex-content-wrap\" style=\"max-width:1216.8px;margin-left: calc(-4% \/ 2 );margin-right: calc(-4% \/ 2 );\"><div class=\"fusion-layout-column fusion_builder_column fusion-builder-column-0 fusion_builder_column_1_1 1_1 fusion-flex-column\" style=\"--awb-bg-size:cover;--awb-width-large:100%;--awb-margin-top-large:0px;--awb-spacing-right-large:1.92%;--awb-margin-bottom-large:20px;--awb-spacing-left-large:1.92%;--awb-width-medium:100%;--awb-order-medium:0;--awb-spacing-right-medium:1.92%;--awb-spacing-left-medium:1.92%;--awb-width-small:100%;--awb-order-small:0;--awb-spacing-right-small:1.92%;--awb-spacing-left-small:1.92%;\"><div class=\"fusion-column-wrapper fusion-column-has-shadow fusion-flex-justify-content-flex-start fusion-content-layout-column\"><div class=\"fusion-content-boxes content-boxes columns row fusion-columns-4 fusion-columns-total-4 fusion-content-boxes-1 content-boxes-icon-on-top content-left content_box_color\" style=\"--awb-body-color:var(--awb-color6);--awb-title-color:var(--awb-color6);--awb-margin-bottom:0px;--awb-hover-accent-color:var(--awb-color5);--awb-circle-hover-accent-color:var(--awb-color5);\" data-animationOffset=\"top-into-view\"><div style=\"--awb-backgroundcolor:rgba(255,255,255,0);--awb-iconcolor:var(--awb-color1);\" class=\"fusion-column content-box-column content-box-column content-box-column-1 col-lg-3 col-md-3 col-sm-3 fusion-content-box-hover content-box-column-first-in-row\"><div class=\"col content-box-wrapper content-wrapper link-area-box icon-hover-animation-slide\" data-animationOffset=\"top-into-view\"><div class=\"heading heading-with-icon icon-left\"><div class=\"icon\"><i style=\"border-color:var(--awb-color1);border-width:1px;background-color:var(--awb-color5);box-sizing:content-box;height:88px;width:88px;line-height:88px;border-radius:50%;font-size:44px;\" aria-hidden=\"true\" class=\"fontawesome-icon fa-home fas circle-yes\"><\/i><\/div><h2 class=\"content-box-heading fusion-responsive-typography-calculated\" style=\"--h2_typography-font-size:18px;--fontSize:18;line-height:var(--awb-typography1-line-height);\">Direcci\u00f3n<\/h2><\/div><div class=\"fusion-clearfix\"><\/div><div class=\"content-container\">\n<p style=\"text-align: center;\">Tocumen Ciudad de Panam\u00e1<\/p>\n<\/div><\/div><\/div><div style=\"--awb-backgroundcolor:rgba(255,255,255,0);--awb-iconcolor:var(--awb-color1);\" class=\"fusion-column content-box-column content-box-column content-box-column-2 col-lg-3 col-md-3 col-sm-3 fusion-content-box-hover \"><div class=\"col content-box-wrapper content-wrapper link-area-box icon-hover-animation-slide\" data-animationOffset=\"top-into-view\"><div class=\"heading heading-with-icon icon-left\"><div class=\"icon\"><i style=\"border-color:var(--awb-color1);border-width:1px;background-color:var(--awb-color5);box-sizing:content-box;height:88px;width:88px;line-height:88px;border-radius:50%;font-size:44px;\" aria-hidden=\"true\" class=\"fontawesome-icon fa-clock fas circle-yes\"><\/i><\/div><h2 class=\"content-box-heading fusion-responsive-typography-calculated\" style=\"--h2_typography-font-size:18px;--fontSize:18;line-height:var(--awb-typography1-line-height);\">Horario<\/h2><\/div><div class=\"fusion-clearfix\"><\/div><div class=\"content-container\">\n<p style=\"text-align: center;\">Lunes-Viernes: 7am &#8211; 7pm<br \/>\nS\u00e1bado: 10am &#8211; 5pm<br \/>\nDomingo: 12pm &#8211; 4pm<\/p>\n<\/div><\/div><\/div><div style=\"--awb-backgroundcolor:rgba(255,255,255,0);--awb-iconcolor:var(--awb-color1);\" class=\"fusion-column content-box-column content-box-column content-box-column-3 col-lg-3 col-md-3 col-sm-3 fusion-content-box-hover \"><div class=\"col content-box-wrapper content-wrapper link-area-box icon-hover-animation-slide\" data-animationOffset=\"top-into-view\"><div class=\"heading heading-with-icon icon-left\"><div class=\"icon\"><i style=\"border-color:var(--awb-color1);border-width:1px;background-color:var(--awb-color5);box-sizing:content-box;height:88px;width:88px;line-height:88px;border-radius:50%;font-size:44px;\" aria-hidden=\"true\" class=\"fontawesome-icon fa-phone-alt fas circle-yes\"><\/i><\/div><h2 class=\"content-box-heading fusion-responsive-typography-calculated\" style=\"--h2_typography-font-size:18px;--fontSize:18;line-height:var(--awb-typography1-line-height);\">Tel\u00e9fonos<\/h2><\/div><div class=\"fusion-clearfix\"><\/div><div class=\"content-container\">\n<p style=\"text-align: center;\">Oficina: (507) 385-3248 \/ 385-3249<br \/>\nPostulaci\u00f3n: (+507) 6256-1219<\/p>\n<\/div><\/div><\/div><div style=\"--awb-backgroundcolor:rgba(255,255,255,0);--awb-iconcolor:var(--awb-color1);\" class=\"fusion-column content-box-column content-box-column content-box-column-4 col-lg-3 col-md-3 col-sm-3 fusion-content-box-hover content-box-column-last content-box-column-last-in-row\"><div class=\"col content-box-wrapper content-wrapper link-area-box icon-hover-animation-slide\" data-animationOffset=\"top-into-view\"><div class=\"heading heading-with-icon icon-left\"><div class=\"icon\"><i style=\"border-color:#fffffff;border-width:1px;background-color:#00d9fa;box-sizing:content-box;height:88px;width:88px;line-height:88px;border-radius:50%;font-size:44px;\" aria-hidden=\"true\" class=\"fontawesome-icon fa-envelope fas circle-yes\"><\/i><\/div><h2 class=\"content-box-heading fusion-responsive-typography-calculated\" style=\"--h2_typography-font-size:18px;--fontSize:18;line-height:var(--awb-typography1-line-height);\">Email<\/h2><\/div><div class=\"fusion-clearfix\"><\/div><div class=\"content-container\">\n<p style=\"text-align: center;\">partidoalianza@partidoalianza.com<br \/>\npartidoalianzapostulacion@gmail.com<\/p>\n<\/div><\/div><\/div><div class=\"fusion-clearfix\"><\/div><\/div><\/div><\/div><\/div><\/div><div class=\"fusion-fullwidth fullwidth-box fusion-builder-row-2 fusion-flex-container has-pattern-background has-mask-background nonhundred-percent-fullwidth non-hundred-percent-height-scrolling\" style=\"--awb-border-sizes-top:0px;--awb-border-sizes-bottom:0px;--awb-border-sizes-left:0px;--awb-border-sizes-right:0px;--awb-border-radius-top-left:0px;--awb-border-radius-top-right:0px;--awb-border-radius-bottom-right:0px;--awb-border-radius-bottom-left:0px;--awb-padding-top:110px;--awb-padding-bottom:80px;--awb-background-color:var(--awb-color2);--awb-flex-wrap:wrap;\" ><div class=\"fusion-builder-row fusion-row fusion-flex-align-items-flex-start fusion-flex-content-wrap\" style=\"max-width:calc( 1170px + 0px );margin-left: calc(-0px \/ 2 );margin-right: calc(-0px \/ 2 );\"><div class=\"fusion-layout-column fusion_builder_column fusion-builder-column-1 fusion_builder_column_1_1 1_1 fusion-flex-column\" style=\"--awb-bg-size:cover;--awb-width-large:100%;--awb-margin-top-large:0px;--awb-spacing-right-large:0px;--awb-margin-bottom-large:20px;--awb-spacing-left-large:0px;--awb-width-medium:100%;--awb-order-medium:0;--awb-spacing-right-medium:0px;--awb-spacing-left-medium:0px;--awb-width-small:100%;--awb-order-small:0;--awb-spacing-right-small:0px;--awb-spacing-left-small:0px;\"><div class=\"fusion-column-wrapper fusion-column-has-shadow fusion-flex-justify-content-flex-start fusion-content-layout-column\"><div class=\"fusion-flip-boxes flip-boxes row fusion-columns-3 flip-effect-classic\"><div class=\"fusion-flip-box-wrapper fusion-column col-lg-4 col-md-4 col-sm-4\"><div class=\"fusion-flip-box flip-right\" tabindex=\"0\"><div class=\"flip-box-inner-wrapper\"><div class=\"flip-box-front\" style=\"--awb-border-radius:4px;\"><div class=\"flip-box-front-inner\"><div class=\"flip-box-grafix flip-box-image\"><img decoding=\"async\" class=\"lazyload\" src=\"data:image\/svg+xml,%3Csvg%20xmlns%3D%27http%3A%2F%2Fwww.w3.org%2F2000%2Fsvg%27%20width%3D%27960%27%20height%3D%27960%27%20viewBox%3D%270%200%20960%20960%27%3E%3Crect%20width%3D%27960%27%20height%3D%27960%27%20fill-opacity%3D%220%22%2F%3E%3C%2Fsvg%3E\" data-orig-src=\"https:\/\/partidoalianza.com\/wp-content\/uploads\/2023\/10\/imagen1.jpg\" width=\"400\" height=\"400\" alt=\"\u00danete al Partido Alianza\" \/><\/div>\u00a1Hagamos Alianza!<\/div><\/div><div class=\"flip-box-back\" style=\"--awb-border-radius:4px;\"><div class=\"flip-box-back-inner\"><h3 class=\"flip-box-heading-back\">\u00danete<\/h3>\n<p>Puedes participar y postularte a los siguientes cargos:<br \/>\nConcejal<br \/>\nAlcalde<br \/>\nDiputado(a)<br \/>\nRepresentante<\/p>\n<div class=\"fusion-separator fusion-full-width-sep\" style=\"align-self: center;margin-left: auto;margin-right: auto;margin-top:10px;margin-bottom:10px;width:100%;\"><\/div>\n<div style=\"text-align:center;\"><a class=\"fusion-button button-flat button-xlarge button-default fusion-button-default button-1 fusion-button-default-span fusion-button-default-type btn_black\" target=\"_self\" href=\"#\"><span class=\"fusion-button-text\">\u00danete!<\/span><\/a><\/div>\n<\/div><\/div><\/div><\/div><\/div><div class=\"fusion-flip-box-wrapper fusion-column col-lg-4 col-md-4 col-sm-4\"><div class=\"fusion-flip-box flip-right\" tabindex=\"0\"><div class=\"flip-box-inner-wrapper\"><div class=\"flip-box-front\" style=\"--awb-border-radius:4px;\"><div class=\"flip-box-front-inner\"><div class=\"flip-box-grafix flip-box-image\"><img decoding=\"async\" class=\"lazyload\" src=\"data:image\/svg+xml,%3Csvg%20xmlns%3D%27http%3A%2F%2Fwww.w3.org%2F2000%2Fsvg%27%20width%3D%271080%27%20height%3D%271080%27%20viewBox%3D%270%200%201080%201080%27%3E%3Crect%20width%3D%271080%27%20height%3D%271080%27%20fill-opacity%3D%220%22%2F%3E%3C%2Fsvg%3E\" data-orig-src=\"https:\/\/partidoalianza.com\/wp-content\/uploads\/2023\/10\/imagen2.jpg\" width=\"400\" height=\"400\" alt=\"Ingresar al Link Partido Alianza\" \/><\/div>\u00bfTe gustar\u00eda ser candidata(o)?<\/div><\/div><div class=\"flip-box-back\" style=\"--awb-border-radius:4px;--awb-background-color-back:var(--awb-color7);--awb-title-back-color:var(--awb-color1);\"><div class=\"flip-box-back-inner\"><h3 class=\"flip-box-heading-back\">Inscr\u00edbete<\/h3>\n<p>Si tienes ese impulso de cambiar o transformar tu comunidad, te queremos orientar y a la vez te contamos que puedes hacerlo en nuestro partido.<\/p>\n<div class=\"fusion-separator fusion-full-width-sep\" style=\"align-self: center;margin-left: auto;margin-right: auto;margin-top:10px;margin-bottom:10px;width:100%;\"><\/div>\n<div style=\"text-align:center;\"><a class=\"fusion-button button-flat button-xlarge button-default fusion-button-default button-2 fusion-button-default-span fusion-button-default-type\" target=\"_self\" href=\"#\"><span class=\"fusion-button-text\">\u00danete<\/span><\/a><\/div>\n<\/div><\/div><\/div><\/div><\/div><div class=\"fusion-flip-box-wrapper fusion-column col-lg-4 col-md-4 col-sm-4\"><div class=\"fusion-flip-box flip-right\" tabindex=\"0\"><div class=\"flip-box-inner-wrapper\"><div class=\"flip-box-front\" style=\"--awb-border-radius:4px;\"><div class=\"flip-box-front-inner\"><div class=\"flip-box-grafix flip-box-image\"><img decoding=\"async\" class=\"lazyload\" src=\"data:image\/svg+xml,%3Csvg%20xmlns%3D%27http%3A%2F%2Fwww.w3.org%2F2000%2Fsvg%27%20width%3D%272048%27%20height%3D%272048%27%20viewBox%3D%270%200%202048%202048%27%3E%3Crect%20width%3D%272048%27%20height%3D%272048%27%20fill-opacity%3D%220%22%2F%3E%3C%2Fsvg%3E\" data-orig-src=\"https:\/\/partidoalianza.com\/wp-content\/uploads\/2023\/10\/imagen3.jpg\" width=\"400\" height=\"400\" alt=\"Inscr\u00edbete Partido Alianza\" \/><\/div>inscribirte en nuestro partido<\/div><\/div><div class=\"flip-box-back\" style=\"--awb-border-radius:4px;\"><div class=\"flip-box-back-inner\"><h3 class=\"flip-box-heading-back\">\u00a1Inscr\u00edbete!<\/h3>\n<p>Para inscribirte en nuestro puedes ingresar al enlace del Tribunal Electoral que ofrece servicios en l\u00ednea: Como la inscripci\u00f3n en partido pol\u00edtico<\/p>\n<div class=\"fusion-separator fusion-full-width-sep\" style=\"align-self: center;margin-left: auto;margin-right: auto;margin-top:10px;margin-bottom:10px;width:100%;\"><\/div>\n<div style=\"text-align:center;\"><a class=\"fusion-button button-flat button-xlarge button-default fusion-button-default button-3 fusion-button-default-span fusion-button-default-type btn_black\" target=\"_self\" href=\"#\"><span class=\"fusion-button-text\">\u00danete<\/span><\/a><\/div>\n<\/div><\/div><\/div><\/div><\/div><\/div><\/div><\/div><\/div><\/div><\/p>\n","protected":false},"excerpt":{"rendered":"","protected":false},"author":1,"featured_media":0,"parent":0,"menu_order":0,"comment_status":"closed","ping_status":"closed","template":"100-width.php","meta":{"_joinchat":[],"footnotes":""},"class_list":["post-17","page","type-page","status-publish","hentry"],"yoast_head":"<!-- This site is optimized with the Yoast SEO plugin v21.4 - https:\/\/yoast.com\/wordpress\/plugins\/seo\/ -->\n<title>Contacto - Partido Alianza<\/title>\n<meta name=\"robots\" content=\"index, follow, max-snippet:-1, max-image-preview:large, max-video-preview:-1\" \/>\n<link rel=\"canonical\" href=\"https:\/\/partidoalianza.com\/?page_id=17\" \/>\n<meta property=\"og:locale\" content=\"es_ES\" \/>\n<meta property=\"og:type\" content=\"article\" \/>\n<meta property=\"og:title\" content=\"Contacto - Partido Alianza\" \/>\n<meta property=\"og:url\" content=\"https:\/\/partidoalianza.com\/?page_id=17\" \/>\n<meta property=\"og:site_name\" content=\"Partido Alianza\" \/>\n<meta property=\"article:publisher\" content=\"https:\/\/www.facebook.com\/partidoalianza?mibextid=LQQJ4d\" \/>\n<meta property=\"article:modified_time\" content=\"2023-10-20T23:39:11+00:00\" \/>\n<meta name=\"twitter:card\" content=\"summary_large_image\" \/>\n<meta name=\"twitter:label1\" content=\"Tiempo de lectura\" \/>\n\t<meta name=\"twitter:data1\" content=\"14 minutos\" \/>\n<script type=\"application\/ld+json\" class=\"yoast-schema-graph\">{\"@context\":\"https:\/\/schema.org\",\"@graph\":[{\"@type\":\"WebPage\",\"@id\":\"https:\/\/partidoalianza.com\/?page_id=17\",\"url\":\"https:\/\/partidoalianza.com\/?page_id=17\",\"name\":\"Contacto - Partido Alianza\",\"isPartOf\":{\"@id\":\"https:\/\/partidoalianza.com\/#website\"},\"datePublished\":\"2023-10-20T20:18:26+00:00\",\"dateModified\":\"2023-10-20T23:39:11+00:00\",\"breadcrumb\":{\"@id\":\"https:\/\/partidoalianza.com\/?page_id=17#breadcrumb\"},\"inLanguage\":\"es\",\"potentialAction\":[{\"@type\":\"ReadAction\",\"target\":[\"https:\/\/partidoalianza.com\/?page_id=17\"]}]},{\"@type\":\"BreadcrumbList\",\"@id\":\"https:\/\/partidoalianza.com\/?page_id=17#breadcrumb\",\"itemListElement\":[{\"@type\":\"ListItem\",\"position\":1,\"name\":\"Portada\",\"item\":\"https:\/\/partidoalianza.com\/\"},{\"@type\":\"ListItem\",\"position\":2,\"name\":\"Contacto\"}]},{\"@type\":\"WebSite\",\"@id\":\"https:\/\/partidoalianza.com\/#website\",\"url\":\"https:\/\/partidoalianza.com\/\",\"name\":\"Partido Alianza\",\"description\":\"Partido Nacionalista Democr\u00e1tico y Popular\",\"publisher\":{\"@id\":\"https:\/\/partidoalianza.com\/#organization\"},\"potentialAction\":[{\"@type\":\"SearchAction\",\"target\":{\"@type\":\"EntryPoint\",\"urlTemplate\":\"https:\/\/partidoalianza.com\/?s={search_term_string}\"},\"query-input\":\"required name=search_term_string\"}],\"inLanguage\":\"es\"},{\"@type\":\"Organization\",\"@id\":\"https:\/\/partidoalianza.com\/#organization\",\"name\":\"Partido Alianza\",\"url\":\"https:\/\/partidoalianza.com\/\",\"logo\":{\"@type\":\"ImageObject\",\"inLanguage\":\"es\",\"@id\":\"https:\/\/partidoalianza.com\/#\/schema\/logo\/image\/\",\"url\":\"https:\/\/partidoalianza.com\/wp-content\/uploads\/2023\/10\/logo-partido-alianza.jpg\",\"contentUrl\":\"https:\/\/partidoalianza.com\/wp-content\/uploads\/2023\/10\/logo-partido-alianza.jpg\",\"width\":1639,\"height\":1080,\"caption\":\"Partido Alianza\"},\"image\":{\"@id\":\"https:\/\/partidoalianza.com\/#\/schema\/logo\/image\/\"},\"sameAs\":[\"https:\/\/www.facebook.com\/partidoalianza?mibextid=LQQJ4d\",\"https:\/\/www.instagram.com\/partidoalianza_\/?igshid=OGQ5ZDc2ODk2ZA\"]}]}<\/script>\n<!-- \/ Yoast SEO plugin. -->","yoast_head_json":{"title":"Contacto - Partido Alianza","robots":{"index":"index","follow":"follow","max-snippet":"max-snippet:-1","max-image-preview":"max-image-preview:large","max-video-preview":"max-video-preview:-1"},"canonical":"https:\/\/partidoalianza.com\/?page_id=17","og_locale":"es_ES","og_type":"article","og_title":"Contacto - Partido Alianza","og_url":"https:\/\/partidoalianza.com\/?page_id=17","og_site_name":"Partido Alianza","article_publisher":"https:\/\/www.facebook.com\/partidoalianza?mibextid=LQQJ4d","article_modified_time":"2023-10-20T23:39:11+00:00","twitter_card":"summary_large_image","twitter_misc":{"Tiempo de lectura":"14 minutos"},"schema":{"@context":"https:\/\/schema.org","@graph":[{"@type":"WebPage","@id":"https:\/\/partidoalianza.com\/?page_id=17","url":"https:\/\/partidoalianza.com\/?page_id=17","name":"Contacto - Partido Alianza","isPartOf":{"@id":"https:\/\/partidoalianza.com\/#website"},"datePublished":"2023-10-20T20:18:26+00:00","dateModified":"2023-10-20T23:39:11+00:00","breadcrumb":{"@id":"https:\/\/partidoalianza.com\/?page_id=17#breadcrumb"},"inLanguage":"es","potentialAction":[{"@type":"ReadAction","target":["https:\/\/partidoalianza.com\/?page_id=17"]}]},{"@type":"BreadcrumbList","@id":"https:\/\/partidoalianza.com\/?page_id=17#breadcrumb","itemListElement":[{"@type":"ListItem","position":1,"name":"Portada","item":"https:\/\/partidoalianza.com\/"},{"@type":"ListItem","position":2,"name":"Contacto"}]},{"@type":"WebSite","@id":"https:\/\/partidoalianza.com\/#website","url":"https:\/\/partidoalianza.com\/","name":"Partido Alianza","description":"Partido Nacionalista Democr\u00e1tico y Popular","publisher":{"@id":"https:\/\/partidoalianza.com\/#organization"},"potentialAction":[{"@type":"SearchAction","target":{"@type":"EntryPoint","urlTemplate":"https:\/\/partidoalianza.com\/?s={search_term_string}"},"query-input":"required name=search_term_string"}],"inLanguage":"es"},{"@type":"Organization","@id":"https:\/\/partidoalianza.com\/#organization","name":"Partido Alianza","url":"https:\/\/partidoalianza.com\/","logo":{"@type":"ImageObject","inLanguage":"es","@id":"https:\/\/partidoalianza.com\/#\/schema\/logo\/image\/","url":"https:\/\/partidoalianza.com\/wp-content\/uploads\/2023\/10\/logo-partido-alianza.jpg","contentUrl":"https:\/\/partidoalianza.com\/wp-content\/uploads\/2023\/10\/logo-partido-alianza.jpg","width":1639,"height":1080,"caption":"Partido Alianza"},"image":{"@id":"https:\/\/partidoalianza.com\/#\/schema\/logo\/image\/"},"sameAs":["https:\/\/www.facebook.com\/partidoalianza?mibextid=LQQJ4d","https:\/\/www.instagram.com\/partidoalianza_\/?igshid=OGQ5ZDc2ODk2ZA"]}]}},"_links":{"self":[{"href":"https:\/\/partidoalianza.com\/index.php?rest_route=\/wp\/v2\/pages\/17","targetHints":{"allow":["GET"]}}],"collection":[{"href":"https:\/\/partidoalianza.com\/index.php?rest_route=\/wp\/v2\/pages"}],"about":[{"href":"https:\/\/partidoalianza.com\/index.php?rest_route=\/wp\/v2\/types\/page"}],"author":[{"embeddable":true,"href":"https:\/\/partidoalianza.com\/index.php?rest_route=\/wp\/v2\/users\/1"}],"replies":[{"embeddable":true,"href":"https:\/\/partidoalianza.com\/index.php?rest_route=%2Fwp%2Fv2%2Fcomments&post=17"}],"version-history":[{"count":12,"href":"https:\/\/partidoalianza.com\/index.php?rest_route=\/wp\/v2\/pages\/17\/revisions"}],"predecessor-version":[{"id":5353,"href":"https:\/\/partidoalianza.com\/index.php?rest_route=\/wp\/v2\/pages\/17\/revisions\/5353"}],"wp:attachment":[{"href":"https:\/\/partidoalianza.com\/index.php?rest_route=%2Fwp%2Fv2%2Fmedia&parent=17"}],"curies":[{"name":"wp","href":"https:\/\/api.w.org\/{rel}","templated":true}]}}