{"id":5254,"date":"2023-10-20T20:53:20","date_gmt":"2023-10-20T20:53:20","guid":{"rendered":"https:\/\/partidoalianza.com\/?page_id=5254"},"modified":"2023-10-21T11:19:30","modified_gmt":"2023-10-21T11:19:30","slug":"solidaridad","status":"publish","type":"page","link":"https:\/\/partidoalianza.com\/?page_id=5254","title":{"rendered":"Solidaridad"},"content":{"rendered":"<p><div class=\"fusion-fullwidth fullwidth-box fusion-builder-row-1 fusion-flex-container has-pattern-background has-mask-background fusion-parallax-none nonhundred-percent-fullwidth non-hundred-percent-height-scrolling lazyload\" style=\"--awb-border-radius-top-left:0px;--awb-border-radius-top-right:0px;--awb-border-radius-bottom-right:0px;--awb-border-radius-bottom-left:0px;--awb-padding-top:100px;--awb-padding-bottom:100px;--awb-background-size:cover;--awb-flex-wrap:wrap;\" data-bg=\"https:\/\/partidoalianza.com\/wp-content\/uploads\/2023\/10\/encabezado-scaled-1.jpg\" ><div class=\"fusion-builder-row fusion-row fusion-flex-align-items-flex-start fusion-flex-content-wrap\" style=\"max-width:1216.8px;margin-left: calc(-4% \/ 2 );margin-right: calc(-4% \/ 2 );\"><div class=\"fusion-layout-column fusion_builder_column fusion-builder-column-0 fusion_builder_column_1_1 1_1 fusion-flex-column\" style=\"--awb-bg-size:cover;--awb-width-large:100%;--awb-margin-top-large:0px;--awb-spacing-right-large:1.92%;--awb-margin-bottom-large:20px;--awb-spacing-left-large:1.92%;--awb-width-medium:100%;--awb-order-medium:0;--awb-spacing-right-medium:1.92%;--awb-spacing-left-medium:1.92%;--awb-width-small:100%;--awb-order-small:0;--awb-spacing-right-small:1.92%;--awb-spacing-left-small:1.92%;\"><div class=\"fusion-column-wrapper fusion-column-has-shadow fusion-flex-justify-content-flex-start fusion-content-layout-column\"><\/div><\/div><\/div><\/div><div class=\"fusion-fullwidth fullwidth-box fusion-builder-row-2 fusion-flex-container has-pattern-background has-mask-background nonhundred-percent-fullwidth non-hundred-percent-height-scrolling\" style=\"--awb-border-radius-top-left:0px;--awb-border-radius-top-right:0px;--awb-border-radius-bottom-right:0px;--awb-border-radius-bottom-left:0px;--awb-flex-wrap:wrap;\" ><\/div><div class=\"fusion-builder-row fusion-row fusion-flex-align-items-flex-start fusion-flex-content-wrap\" style=\"max-width:1216.8px;margin-left: calc(-4% \/ 2 );margin-right: calc(-4% \/ 2 );\"><\/div><div class=\"fusion-layout-column fusion_builder_column fusion-builder-column-1 fusion_builder_column_1_2 1_2 fusion-one-half fusion-column-first fusion-animated\" style=\"--awb-bg-size:cover;width:48%; margin-right: 4%;\" data-animationType=\"fadeInLeft\" data-animationDuration=\"0.6\" data-animationDelay=\"0.6\" data-animationOffset=\"top-into-view\" data-motion-effects=\"[{&quot;type&quot;:&quot;&quot;,&quot;scroll_type&quot;:&quot;transition&quot;,&quot;scroll_direction&quot;:&quot;up&quot;,&quot;transition_speed&quot;:&quot;1&quot;,&quot;fade_type&quot;:&quot;in&quot;,&quot;scale_type&quot;:&quot;up&quot;,&quot;initial_scale&quot;:&quot;1&quot;,&quot;max_scale&quot;:&quot;1.5&quot;,&quot;min_scale&quot;:&quot;0.5&quot;,&quot;initial_rotate&quot;:&quot;0&quot;,&quot;end_rotate&quot;:&quot;30&quot;,&quot;initial_blur&quot;:&quot;0&quot;,&quot;end_blur&quot;:&quot;3&quot;,&quot;start_element&quot;:&quot;top&quot;,&quot;start_viewport&quot;:&quot;bottom&quot;,&quot;end_element&quot;:&quot;bottom&quot;,&quot;end_viewport&quot;:&quot;top&quot;,&quot;mouse_effect&quot;:&quot;track&quot;,&quot;mouse_effect_direction&quot;:&quot;opposite&quot;,&quot;mouse_effect_speed&quot;:&quot;2&quot;,&quot;infinite_animation&quot;:&quot;float&quot;,&quot;infinite_animation_speed&quot;:&quot;2&quot;}]\" data-scroll-devices=\"small-visibility,medium-visibility,large-visibility\"><div class=\"fusion-column-wrapper fusion-column-has-shadow fusion-flex-column-wrapper-legacy\"><div class=\"fusion-image-element in-legacy-container\" style=\"--awb-caption-title-font-family:var(--h2_typography-font-family);--awb-caption-title-font-weight:var(--h2_typography-font-weight);--awb-caption-title-font-style:var(--h2_typography-font-style);--awb-caption-title-size:var(--h2_typography-font-size);--awb-caption-title-transform:var(--h2_typography-text-transform);--awb-caption-title-line-height:var(--h2_typography-line-height);--awb-caption-title-letter-spacing:var(--h2_typography-letter-spacing);\"><span class=\" fusion-imageframe imageframe-none imageframe-1 hover-type-none\"><img decoding=\"async\" width=\"993\" height=\"653\" alt=\"solidaridad\" title=\"solidaridad\" src=\"https:\/\/partidoalianza.com\/wp-content\/uploads\/2023\/10\/solidaridad.jpg\" class=\"img-responsive wp-image-5444 disable-lazyload\" srcset=\"https:\/\/partidoalianza.com\/wp-content\/uploads\/2023\/10\/solidaridad-200x132.jpg 200w, https:\/\/partidoalianza.com\/wp-content\/uploads\/2023\/10\/solidaridad-400x263.jpg 400w, https:\/\/partidoalianza.com\/wp-content\/uploads\/2023\/10\/solidaridad-600x395.jpg 600w, https:\/\/partidoalianza.com\/wp-content\/uploads\/2023\/10\/solidaridad-800x526.jpg 800w, https:\/\/partidoalianza.com\/wp-content\/uploads\/2023\/10\/solidaridad.jpg 993w\" sizes=\"(max-width: 1020px) 100vw, (max-width: 640px) 100vw, 600px\" \/><\/span><\/div><div class=\"fusion-clearfix\"><\/div><\/div><\/div><div class=\"fusion-layout-column fusion_builder_column fusion-builder-column-2 fusion_builder_column_1_2 1_2 fusion-one-half fusion-column-last fusion-animated\" style=\"--awb-bg-size:cover;width:48%;\" data-animationType=\"fadeInRight\" data-animationDuration=\"0.6\" data-animationDelay=\"0.6\" data-animationOffset=\"top-into-view\" data-motion-effects=\"[{&quot;type&quot;:&quot;&quot;,&quot;scroll_type&quot;:&quot;transition&quot;,&quot;scroll_direction&quot;:&quot;up&quot;,&quot;transition_speed&quot;:&quot;1&quot;,&quot;fade_type&quot;:&quot;in&quot;,&quot;scale_type&quot;:&quot;up&quot;,&quot;initial_scale&quot;:&quot;1&quot;,&quot;max_scale&quot;:&quot;1.5&quot;,&quot;min_scale&quot;:&quot;0.5&quot;,&quot;initial_rotate&quot;:&quot;0&quot;,&quot;end_rotate&quot;:&quot;30&quot;,&quot;initial_blur&quot;:&quot;0&quot;,&quot;end_blur&quot;:&quot;3&quot;,&quot;start_element&quot;:&quot;top&quot;,&quot;start_viewport&quot;:&quot;bottom&quot;,&quot;end_element&quot;:&quot;bottom&quot;,&quot;end_viewport&quot;:&quot;top&quot;,&quot;mouse_effect&quot;:&quot;track&quot;,&quot;mouse_effect_direction&quot;:&quot;opposite&quot;,&quot;mouse_effect_speed&quot;:&quot;2&quot;,&quot;infinite_animation&quot;:&quot;float&quot;,&quot;infinite_animation_speed&quot;:&quot;2&quot;}]\" data-scroll-devices=\"small-visibility,medium-visibility,large-visibility\"><div class=\"fusion-column-wrapper fusion-column-has-shadow fusion-flex-column-wrapper-legacy\"><div class=\"fusion-clearfix\"><\/div><\/div><\/div><div class=\"fusion-title title fusion-title-1 fusion-sep-none fusion-title-text fusion-title-size-two\"><h2 class=\"fusion-title-heading title-heading-left fusion-responsive-typography-calculated\" style=\"margin:0;text-transform:uppercase;--fontSize:48;line-height:var(--awb-typography1-line-height);\"><\/p>\n<p>Solidaridad<\/p>\n<p><\/h2><\/div><div class=\"fusion-text fusion-text-1\"><\/div><\/p>\n<p style=\"text-align: justify;\">El PARTIDO ALIANZA propugna por el desarrollo de un Estado en el que prevalezca el bien com\u00fan y el derecho de todos los ciudadanos a recibir los beneficios de este, ofreciendo a todos los paname\u00f1os y paname\u00f1as una sociedad m\u00e1s pr\u00f3spera, justa, solidaria y humana.<\/[\/fusion_text][\/fusion_builder_column][\/fusion_builder_row][\/fusion_builder_container][fusion_builder_container type=\"flex\" hundred_percent=\"yes\" hundred_percent_height=\"no\" min_height_medium=\"\" min_height_small=\"\" min_height=\"\" hundred_percent_height_scroll=\"no\" align_content=\"stretch\" flex_align_items=\"flex-start\" flex_justify_content=\"flex-start\" flex_wrap_medium=\"\" flex_wrap_small=\"\" flex_wrap=\"wrap\" flex_column_spacing=\"\" hundred_percent_height_center_content=\"yes\" equal_height_columns=\"no\" container_tag=\"div\" menu_anchor=\"\" hide_on_mobile=\"small-visibility,medium-visibility,large-visibility\" status=\"published\" publish_date=\"\" class=\"\" id=\"\" margin_top_medium=\"\" margin_bottom_medium=\"\" margin_top_small=\"\" margin_bottom_small=\"\" margin_top=\"\" margin_bottom=\"\" padding_top_medium=\"\" padding_right_medium=\"\" padding_bottom_medium=\"\" padding_left_medium=\"\" padding_top_small=\"\" padding_right_small=\"\" padding_bottom_small=\"\" padding_left_small=\"\" padding_top=\"100px\" padding_right=\"\" padding_bottom=\"50px\" padding_left=\"\" link_hover_color=\"\" hue=\"\" saturation=\"\" lightness=\"\" alpha=\"\" link_color=\"#ffffff\" border_sizes_top=\"\" border_sizes_right=\"\" border_sizes_bottom=\"\" border_sizes_left=\"\" border_color=\"\" border_style=\"solid\" border_radius_top_left=\"\" border_radius_top_right=\"\" border_radius_bottom_right=\"\" border_radius_bottom_left=\"\" box_shadow=\"no\" box_shadow_vertical=\"\" box_shadow_horizontal=\"\" box_shadow_blur=\"0\" box_shadow_spread=\"0\" box_shadow_color=\"\" box_shadow_style=\"\" z_index=\"\" overflow=\"\" gradient_start_color=\"\" gradient_end_color=\"\" gradient_start_position=\"0\" gradient_end_position=\"100\" gradient_type=\"linear\" radial_direction=\"center center\" linear_angle=\"180\" background_color_medium=\"\" background_color_small=\"\" background_color=\"rgba(247,247,248,0)\" background_image_medium=\"\" background_image_small=\"\" background_image=\"\" skip_lazy_load=\"\" background_position_medium=\"\" background_position_small=\"\" background_position=\"center center\" background_repeat_medium=\"\" background_repeat_small=\"\" background_repeat=\"no-repeat\" background_size_medium=\"\" background_size_small=\"\" background_size=\"\" background_custom_size=\"\" background_custom_size_medium=\"\" background_custom_size_small=\"\" fade=\"no\" background_parallax=\"none\" enable_mobile=\"no\" parallax_speed=\"0.3\" background_blend_mode_medium=\"\" background_blend_mode_small=\"\" background_blend_mode=\"none\" video_mp4=\"\" video_webm=\"\" video_ogv=\"\" video_url=\"\" video_aspect_ratio=\"16:9\" video_loop=\"yes\" video_mute=\"yes\" video_preview_image=\"\" pattern_bg=\"none\" pattern_custom_bg=\"\" pattern_bg_color=\"\" pattern_bg_style=\"default\" pattern_bg_opacity=\"100\" pattern_bg_size=\"\" pattern_bg_blend_mode=\"normal\" mask_bg=\"none\" mask_custom_bg=\"\" mask_bg_color=\"\" mask_bg_accent_color=\"\" mask_bg_style=\"default\" mask_bg_opacity=\"100\" mask_bg_transform=\"left\" mask_bg_blend_mode=\"normal\" render_logics=\"\" logics=\"\" absolute=\"off\" absolute_devices=\"small,medium,large\" sticky=\"off\" sticky_devices=\"small-visibility,medium-visibility,large-visibility\" sticky_background_color=\"\" sticky_height=\"\" sticky_offset=\"\" sticky_transition_offset=\"0\" scroll_offset=\"0\" animation_type=\"\" animation_direction=\"left\" animation_color=\"\" animation_speed=\"0.3\" animation_delay=\"0\" animation_offset=\"\" filter_hue=\"0\" filter_saturation=\"100\" filter_brightness=\"100\" filter_contrast=\"100\" filter_invert=\"0\" filter_sepia=\"0\" filter_opacity=\"100\" filter_blur=\"0\" filter_hue_hover=\"0\" filter_saturation_hover=\"100\" filter_brightness_hover=\"100\" filter_contrast_hover=\"100\" filter_invert_hover=\"0\" filter_sepia_hover=\"0\" filter_opacity_hover=\"100\" filter_blur_hover=\"0\"][fusion_builder_row][fusion_builder_column type=\"1_1\" layout=\"1_1\" align_self=\"auto\" content_layout=\"column\" align_content=\"flex-start\" valign_content=\"flex-start\" content_wrap=\"wrap\" spacing=\"\" center_content=\"no\" column_tag=\"div\" link=\"\" target=\"_self\" link_description=\"\" min_height=\"\" hide_on_mobile=\"small-visibility,medium-visibility,large-visibility\" sticky_display=\"normal,sticky\" class=\"\" id=\"\" type_medium=\"\" type_small=\"\" flex_grow_medium=\"\" flex_grow_small=\"\" flex_grow=\"\" flex_shrink_medium=\"\" flex_shrink_small=\"\" flex_shrink=\"\" order_medium=\"0\" order_small=\"0\" dimension_spacing_medium=\"\" dimension_spacing_small=\"\" dimension_spacing=\"\" dimension_margin_medium=\"\" dimension_margin_small=\"\" margin_top=\"\" margin_bottom=\"\" padding_medium=\"\" padding_small=\"\" padding_top=\"\" padding_right=\"\" padding_bottom=\"\" padding_left=\"\" hover_type=\"none\" border_sizes=\"\" border_color_hover=\"\" border_color=\"\" border_style=\"solid\" border_radius=\"\" box_shadow=\"no\" dimension_box_shadow=\"\" box_shadow_blur=\"0\" box_shadow_spread=\"0\" box_shadow_color=\"\" box_shadow_style=\"\" z_index_hover=\"\" z_index=\"\" overflow=\"\" background_type=\"single\" gradient_start_color=\"\" gradient_end_color=\"\" gradient_start_position=\"0\" gradient_end_position=\"100\" gradient_type=\"linear\" radial_direction=\"center center\" linear_angle=\"180\" background_color_medium=\"\" background_color_small=\"\" background_color_medium_hover=\"\" background_color_small_hover=\"\" background_color_hover=\"\" background_color=\"\" background_image_medium=\"\" background_image_small=\"\" background_image=\"\" background_image_id_medium=\"\" background_image_id_small=\"\" background_image_id=\"\" lazy_load=\"avada\" skip_lazy_load=\"\" background_position_medium=\"\" background_position_small=\"\" background_position=\"left top\" background_repeat_medium=\"\" background_repeat_small=\"\" background_repeat=\"no-repeat\" background_size_medium=\"\" background_size_small=\"\" background_size=\"\" background_custom_size=\"\" background_custom_size_medium=\"\" background_custom_size_small=\"\" background_blend_mode_medium=\"\" background_blend_mode_small=\"\" background_blend_mode=\"none\" render_logics=\"\" sticky=\"off\" sticky_devices=\"small-visibility,medium-visibility,large-visibility\" sticky_offset=\"\" absolute=\"off\" absolute_props=\"\" filter_type=\"regular\" filter_hover_element=\"self\" filter_hue=\"0\" filter_saturation=\"100\" filter_brightness=\"100\" filter_contrast=\"100\" filter_invert=\"0\" filter_sepia=\"0\" filter_opacity=\"100\" filter_blur=\"0\" filter_hue_hover=\"0\" filter_saturation_hover=\"100\" filter_brightness_hover=\"100\" filter_contrast_hover=\"100\" filter_invert_hover=\"0\" filter_sepia_hover=\"0\" filter_opacity_hover=\"100\" filter_blur_hover=\"0\" transform_type=\"regular\" transform_hover_element=\"self\" transform_scale_x=\"1\" transform_scale_y=\"1\" transform_translate_x=\"0\" transform_translate_y=\"0\" transform_rotate=\"0\" transform_skew_x=\"0\" transform_skew_y=\"0\" transform_scale_x_hover=\"1\" transform_scale_y_hover=\"1\" transform_translate_x_hover=\"0\" transform_translate_y_hover=\"0\" transform_rotate_hover=\"0\" transform_skew_x_hover=\"0\" transform_skew_y_hover=\"0\" transform_origin=\"\" transition_duration=\"300\" transition_easing=\"ease\" transition_custom_easing=\"\" motion_effects=\"\" scroll_motion_devices=\"small-visibility,medium-visibility,large-visibility\" animation_type=\"\" animation_direction=\"left\" animation_color=\"\" animation_speed=\"0.3\" animation_delay=\"0\" animation_offset=\"\" last=\"true\" border_position=\"all\" first=\"true\"][\/fusion_builder_column][\/fusion_builder_row][\/fusion_builder_container]\n<\/p>\n","protected":false},"excerpt":{"rendered":"<p>El PARTIDO ALIANZA propugna por el desarrollo de un Estado en el que prevalezca el bien com\u00fan y el derecho de todos los ciudadanos a recibir los beneficios de [&hellip;]<\/p>\n","protected":false},"author":1,"featured_media":0,"parent":0,"menu_order":0,"comment_status":"closed","ping_status":"closed","template":"100-width.php","meta":{"_joinchat":[],"footnotes":""},"class_list":["post-5254","page","type-page","status-publish","hentry"],"yoast_head":"<!-- This site is optimized with the Yoast SEO plugin v21.4 - https:\/\/yoast.com\/wordpress\/plugins\/seo\/ -->\n<title>Solidaridad - Partido Alianza<\/title>\n<meta name=\"robots\" content=\"index, follow, max-snippet:-1, max-image-preview:large, max-video-preview:-1\" \/>\n<link rel=\"canonical\" href=\"https:\/\/partidoalianza.com\/?page_id=5254\" \/>\n<meta property=\"og:locale\" content=\"es_ES\" \/>\n<meta property=\"og:type\" content=\"article\" \/>\n<meta property=\"og:title\" content=\"Solidaridad - Partido Alianza\" \/>\n<meta property=\"og:description\" content=\"El PARTIDO ALIANZA propugna por el desarrollo de un Estado en el que prevalezca el bien com\u00fan y el derecho de todos los ciudadanos a recibir los beneficios de [&hellip;]\" \/>\n<meta property=\"og:url\" content=\"https:\/\/partidoalianza.com\/?page_id=5254\" \/>\n<meta property=\"og:site_name\" content=\"Partido Alianza\" \/>\n<meta property=\"article:publisher\" content=\"https:\/\/www.facebook.com\/partidoalianza?mibextid=LQQJ4d\" \/>\n<meta property=\"article:modified_time\" content=\"2023-10-21T11:19:30+00:00\" \/>\n<meta name=\"twitter:card\" content=\"summary_large_image\" \/>\n<meta name=\"twitter:label1\" content=\"Tiempo de lectura\" \/>\n\t<meta name=\"twitter:data1\" content=\"15 minutos\" \/>\n<script type=\"application\/ld+json\" class=\"yoast-schema-graph\">{\"@context\":\"https:\/\/schema.org\",\"@graph\":[{\"@type\":\"WebPage\",\"@id\":\"https:\/\/partidoalianza.com\/?page_id=5254\",\"url\":\"https:\/\/partidoalianza.com\/?page_id=5254\",\"name\":\"Solidaridad - Partido Alianza\",\"isPartOf\":{\"@id\":\"https:\/\/partidoalianza.com\/#website\"},\"datePublished\":\"2023-10-20T20:53:20+00:00\",\"dateModified\":\"2023-10-21T11:19:30+00:00\",\"breadcrumb\":{\"@id\":\"https:\/\/partidoalianza.com\/?page_id=5254#breadcrumb\"},\"inLanguage\":\"es\",\"potentialAction\":[{\"@type\":\"ReadAction\",\"target\":[\"https:\/\/partidoalianza.com\/?page_id=5254\"]}]},{\"@type\":\"BreadcrumbList\",\"@id\":\"https:\/\/partidoalianza.com\/?page_id=5254#breadcrumb\",\"itemListElement\":[{\"@type\":\"ListItem\",\"position\":1,\"name\":\"Portada\",\"item\":\"https:\/\/partidoalianza.com\/\"},{\"@type\":\"ListItem\",\"position\":2,\"name\":\"Solidaridad\"}]},{\"@type\":\"WebSite\",\"@id\":\"https:\/\/partidoalianza.com\/#website\",\"url\":\"https:\/\/partidoalianza.com\/\",\"name\":\"Partido Alianza\",\"description\":\"Partido Nacionalista Democr\u00e1tico y Popular\",\"publisher\":{\"@id\":\"https:\/\/partidoalianza.com\/#organization\"},\"potentialAction\":[{\"@type\":\"SearchAction\",\"target\":{\"@type\":\"EntryPoint\",\"urlTemplate\":\"https:\/\/partidoalianza.com\/?s={search_term_string}\"},\"query-input\":\"required name=search_term_string\"}],\"inLanguage\":\"es\"},{\"@type\":\"Organization\",\"@id\":\"https:\/\/partidoalianza.com\/#organization\",\"name\":\"Partido Alianza\",\"url\":\"https:\/\/partidoalianza.com\/\",\"logo\":{\"@type\":\"ImageObject\",\"inLanguage\":\"es\",\"@id\":\"https:\/\/partidoalianza.com\/#\/schema\/logo\/image\/\",\"url\":\"https:\/\/partidoalianza.com\/wp-content\/uploads\/2023\/10\/logo-partido-alianza.jpg\",\"contentUrl\":\"https:\/\/partidoalianza.com\/wp-content\/uploads\/2023\/10\/logo-partido-alianza.jpg\",\"width\":1639,\"height\":1080,\"caption\":\"Partido Alianza\"},\"image\":{\"@id\":\"https:\/\/partidoalianza.com\/#\/schema\/logo\/image\/\"},\"sameAs\":[\"https:\/\/www.facebook.com\/partidoalianza?mibextid=LQQJ4d\",\"https:\/\/www.instagram.com\/partidoalianza_\/?igshid=OGQ5ZDc2ODk2ZA\"]}]}<\/script>\n<!-- \/ Yoast SEO plugin. -->","yoast_head_json":{"title":"Solidaridad - Partido Alianza","robots":{"index":"index","follow":"follow","max-snippet":"max-snippet:-1","max-image-preview":"max-image-preview:large","max-video-preview":"max-video-preview:-1"},"canonical":"https:\/\/partidoalianza.com\/?page_id=5254","og_locale":"es_ES","og_type":"article","og_title":"Solidaridad - Partido Alianza","og_description":"El PARTIDO ALIANZA propugna por el desarrollo de un Estado en el que prevalezca el bien com\u00fan y el derecho de todos los ciudadanos a recibir los beneficios de [&hellip;]","og_url":"https:\/\/partidoalianza.com\/?page_id=5254","og_site_name":"Partido Alianza","article_publisher":"https:\/\/www.facebook.com\/partidoalianza?mibextid=LQQJ4d","article_modified_time":"2023-10-21T11:19:30+00:00","twitter_card":"summary_large_image","twitter_misc":{"Tiempo de lectura":"15 minutos"},"schema":{"@context":"https:\/\/schema.org","@graph":[{"@type":"WebPage","@id":"https:\/\/partidoalianza.com\/?page_id=5254","url":"https:\/\/partidoalianza.com\/?page_id=5254","name":"Solidaridad - Partido Alianza","isPartOf":{"@id":"https:\/\/partidoalianza.com\/#website"},"datePublished":"2023-10-20T20:53:20+00:00","dateModified":"2023-10-21T11:19:30+00:00","breadcrumb":{"@id":"https:\/\/partidoalianza.com\/?page_id=5254#breadcrumb"},"inLanguage":"es","potentialAction":[{"@type":"ReadAction","target":["https:\/\/partidoalianza.com\/?page_id=5254"]}]},{"@type":"BreadcrumbList","@id":"https:\/\/partidoalianza.com\/?page_id=5254#breadcrumb","itemListElement":[{"@type":"ListItem","position":1,"name":"Portada","item":"https:\/\/partidoalianza.com\/"},{"@type":"ListItem","position":2,"name":"Solidaridad"}]},{"@type":"WebSite","@id":"https:\/\/partidoalianza.com\/#website","url":"https:\/\/partidoalianza.com\/","name":"Partido Alianza","description":"Partido Nacionalista Democr\u00e1tico y Popular","publisher":{"@id":"https:\/\/partidoalianza.com\/#organization"},"potentialAction":[{"@type":"SearchAction","target":{"@type":"EntryPoint","urlTemplate":"https:\/\/partidoalianza.com\/?s={search_term_string}"},"query-input":"required name=search_term_string"}],"inLanguage":"es"},{"@type":"Organization","@id":"https:\/\/partidoalianza.com\/#organization","name":"Partido Alianza","url":"https:\/\/partidoalianza.com\/","logo":{"@type":"ImageObject","inLanguage":"es","@id":"https:\/\/partidoalianza.com\/#\/schema\/logo\/image\/","url":"https:\/\/partidoalianza.com\/wp-content\/uploads\/2023\/10\/logo-partido-alianza.jpg","contentUrl":"https:\/\/partidoalianza.com\/wp-content\/uploads\/2023\/10\/logo-partido-alianza.jpg","width":1639,"height":1080,"caption":"Partido Alianza"},"image":{"@id":"https:\/\/partidoalianza.com\/#\/schema\/logo\/image\/"},"sameAs":["https:\/\/www.facebook.com\/partidoalianza?mibextid=LQQJ4d","https:\/\/www.instagram.com\/partidoalianza_\/?igshid=OGQ5ZDc2ODk2ZA"]}]}},"_links":{"self":[{"href":"https:\/\/partidoalianza.com\/index.php?rest_route=\/wp\/v2\/pages\/5254","targetHints":{"allow":["GET"]}}],"collection":[{"href":"https:\/\/partidoalianza.com\/index.php?rest_route=\/wp\/v2\/pages"}],"about":[{"href":"https:\/\/partidoalianza.com\/index.php?rest_route=\/wp\/v2\/types\/page"}],"author":[{"embeddable":true,"href":"https:\/\/partidoalianza.com\/index.php?rest_route=\/wp\/v2\/users\/1"}],"replies":[{"embeddable":true,"href":"https:\/\/partidoalianza.com\/index.php?rest_route=%2Fwp%2Fv2%2Fcomments&post=5254"}],"version-history":[{"count":5,"href":"https:\/\/partidoalianza.com\/index.php?rest_route=\/wp\/v2\/pages\/5254\/revisions"}],"predecessor-version":[{"id":5443,"href":"https:\/\/partidoalianza.com\/index.php?rest_route=\/wp\/v2\/pages\/5254\/revisions\/5443"}],"wp:attachment":[{"href":"https:\/\/partidoalianza.com\/index.php?rest_route=%2Fwp%2Fv2%2Fmedia&parent=5254"}],"curies":[{"name":"wp","href":"https:\/\/api.w.org\/{rel}","templated":true}]}}