{"id":5258,"date":"2023-10-20T20:54:31","date_gmt":"2023-10-20T20:54:31","guid":{"rendered":"https:\/\/partidoalianza.com\/?page_id=5258"},"modified":"2023-10-21T01:56:39","modified_gmt":"2023-10-21T01:56:39","slug":"respeto-a-los-derechos","status":"publish","type":"page","link":"https:\/\/partidoalianza.com\/?page_id=5258","title":{"rendered":"Respeto a los derechos"},"content":{"rendered":"<p><div class=\"fusion-fullwidth fullwidth-box fusion-builder-row-1 fusion-flex-container has-pattern-background has-mask-background nonhundred-percent-fullwidth non-hundred-percent-height-scrolling\" style=\"--awb-border-radius-top-left:0px;--awb-border-radius-top-right:0px;--awb-border-radius-bottom-right:0px;--awb-border-radius-bottom-left:0px;--awb-flex-wrap:wrap;\" ><div class=\"fusion-builder-row fusion-row fusion-flex-align-items-flex-start fusion-flex-content-wrap\" style=\"max-width:1216.8px;margin-left: calc(-4% \/ 2 );margin-right: calc(-4% \/ 2 );\"><div class=\"fusion-layout-column fusion_builder_column fusion-builder-column-0 fusion_builder_column_1_2 1_2 fusion-flex-column fusion-animated\" style=\"--awb-bg-size:cover;--awb-width-large:50%;--awb-margin-top-large:0px;--awb-spacing-right-large:3.84%;--awb-margin-bottom-large:20px;--awb-spacing-left-large:3.84%;--awb-width-medium:100%;--awb-order-medium:0;--awb-spacing-right-medium:1.92%;--awb-spacing-left-medium:1.92%;--awb-width-small:100%;--awb-order-small:0;--awb-spacing-right-small:1.92%;--awb-spacing-left-small:1.92%;\" data-animationType=\"fadeInLeft\" data-animationDuration=\"0.6\" data-animationDelay=\"0.6\" data-animationOffset=\"top-into-view\" data-motion-effects=\"[{&quot;type&quot;:&quot;&quot;,&quot;scroll_type&quot;:&quot;transition&quot;,&quot;scroll_direction&quot;:&quot;up&quot;,&quot;transition_speed&quot;:&quot;1&quot;,&quot;fade_type&quot;:&quot;in&quot;,&quot;scale_type&quot;:&quot;up&quot;,&quot;initial_scale&quot;:&quot;1&quot;,&quot;max_scale&quot;:&quot;1.5&quot;,&quot;min_scale&quot;:&quot;0.5&quot;,&quot;initial_rotate&quot;:&quot;0&quot;,&quot;end_rotate&quot;:&quot;30&quot;,&quot;initial_blur&quot;:&quot;0&quot;,&quot;end_blur&quot;:&quot;3&quot;,&quot;start_element&quot;:&quot;top&quot;,&quot;start_viewport&quot;:&quot;bottom&quot;,&quot;end_element&quot;:&quot;bottom&quot;,&quot;end_viewport&quot;:&quot;top&quot;,&quot;mouse_effect&quot;:&quot;track&quot;,&quot;mouse_effect_direction&quot;:&quot;opposite&quot;,&quot;mouse_effect_speed&quot;:&quot;2&quot;,&quot;infinite_animation&quot;:&quot;float&quot;,&quot;infinite_animation_speed&quot;:&quot;2&quot;}]\" data-scroll-devices=\"small-visibility,medium-visibility,large-visibility\"><div class=\"fusion-column-wrapper fusion-column-has-shadow fusion-flex-justify-content-flex-start fusion-content-layout-column\"><div class=\"fusion-image-element \" style=\"--awb-caption-title-font-family:var(--h2_typography-font-family);--awb-caption-title-font-weight:var(--h2_typography-font-weight);--awb-caption-title-font-style:var(--h2_typography-font-style);--awb-caption-title-size:var(--h2_typography-font-size);--awb-caption-title-transform:var(--h2_typography-text-transform);--awb-caption-title-line-height:var(--h2_typography-line-height);--awb-caption-title-letter-spacing:var(--h2_typography-letter-spacing);\"><span class=\" fusion-imageframe imageframe-none imageframe-1 hover-type-none\"><img decoding=\"async\" width=\"1978\" height=\"1724\" alt=\"Respeto a los derechos\" title=\"respeto-a-los-derechos\" src=\"https:\/\/partidoalianza.com\/wp-content\/uploads\/2023\/10\/respeto-a-los-derechos.png\" class=\"img-responsive wp-image-5412 disable-lazyload\" srcset=\"https:\/\/partidoalianza.com\/wp-content\/uploads\/2023\/10\/respeto-a-los-derechos-200x174.png 200w, https:\/\/partidoalianza.com\/wp-content\/uploads\/2023\/10\/respeto-a-los-derechos-400x349.png 400w, https:\/\/partidoalianza.com\/wp-content\/uploads\/2023\/10\/respeto-a-los-derechos-600x523.png 600w, https:\/\/partidoalianza.com\/wp-content\/uploads\/2023\/10\/respeto-a-los-derechos-800x697.png 800w, https:\/\/partidoalianza.com\/wp-content\/uploads\/2023\/10\/respeto-a-los-derechos-1200x1046.png 1200w, https:\/\/partidoalianza.com\/wp-content\/uploads\/2023\/10\/respeto-a-los-derechos.png 1978w\" sizes=\"(max-width: 1020px) 100vw, (max-width: 640px) 100vw, 600px\" \/><\/span><\/div><\/div><\/div><div class=\"fusion-layout-column fusion_builder_column fusion-builder-column-1 fusion_builder_column_1_2 1_2 fusion-flex-column fusion-animated\" style=\"--awb-bg-size:cover;--awb-width-large:50%;--awb-margin-top-large:0px;--awb-spacing-right-large:3.84%;--awb-margin-bottom-large:20px;--awb-spacing-left-large:3.84%;--awb-width-medium:100%;--awb-order-medium:0;--awb-spacing-right-medium:1.92%;--awb-spacing-left-medium:1.92%;--awb-width-small:100%;--awb-order-small:0;--awb-spacing-right-small:1.92%;--awb-spacing-left-small:1.92%;\" data-animationType=\"fadeInRight\" data-animationDuration=\"0.6\" data-animationDelay=\"0.6\" data-animationOffset=\"top-into-view\" data-motion-effects=\"[{&quot;type&quot;:&quot;&quot;,&quot;scroll_type&quot;:&quot;transition&quot;,&quot;scroll_direction&quot;:&quot;up&quot;,&quot;transition_speed&quot;:&quot;1&quot;,&quot;fade_type&quot;:&quot;in&quot;,&quot;scale_type&quot;:&quot;up&quot;,&quot;initial_scale&quot;:&quot;1&quot;,&quot;max_scale&quot;:&quot;1.5&quot;,&quot;min_scale&quot;:&quot;0.5&quot;,&quot;initial_rotate&quot;:&quot;0&quot;,&quot;end_rotate&quot;:&quot;30&quot;,&quot;initial_blur&quot;:&quot;0&quot;,&quot;end_blur&quot;:&quot;3&quot;,&quot;start_element&quot;:&quot;top&quot;,&quot;start_viewport&quot;:&quot;bottom&quot;,&quot;end_element&quot;:&quot;bottom&quot;,&quot;end_viewport&quot;:&quot;top&quot;,&quot;mouse_effect&quot;:&quot;track&quot;,&quot;mouse_effect_direction&quot;:&quot;opposite&quot;,&quot;mouse_effect_speed&quot;:&quot;2&quot;,&quot;infinite_animation&quot;:&quot;float&quot;,&quot;infinite_animation_speed&quot;:&quot;2&quot;}]\" data-scroll-devices=\"small-visibility,medium-visibility,large-visibility\"><div class=\"fusion-column-wrapper fusion-column-has-shadow fusion-flex-justify-content-flex-start fusion-content-layout-column\"><div class=\"fusion-title title fusion-title-1 fusion-sep-none fusion-title-text fusion-title-size-two\"><h2 class=\"fusion-title-heading title-heading-left fusion-responsive-typography-calculated\" style=\"margin:0;text-transform:uppercase;--fontSize:48;line-height:var(--awb-typography1-line-height);\">Respeto a los derechos<\/h2><\/div><div class=\"fusion-text fusion-text-1\"><p style=\"text-align: justify;\">Los ALIANCISTAS somos firmes convencidos de la necesidad que el accionar pol\u00edtico se enmarque dentro de las reglas igualitarias de la Constituci\u00f3n Pol\u00edtica, el respeto de todos los derechos para manifestarse en libertad de acci\u00f3n y conciencia como medio de convivencia pol\u00edtica que fomente el di\u00e1logo y consolide el sistema democr\u00e1tico para nosotros y las generaciones futuras. Nuestra Constituci\u00f3n Pol\u00edtica, al incluir los derechos sociales a la tierra, al trabajo, a la educaci\u00f3n, a la salud, a la vivienda, a la seguridad social, al abasto y a la alimentaci\u00f3n, a la recreaci\u00f3n, a un medio ambiente sano y, en general, a la satisfacci\u00f3n de las necesidades humanas, cre\u00f3 los instrumentos para construir una sociedad igualitaria y justa en la que el ingreso y los recursos se distribuyan equitativamente entre las personas y los grupos sociales.<\/p>\n<\/div><\/div><\/div><\/div><\/div><div class=\"fusion-fullwidth fullwidth-box fusion-builder-row-2 fusion-flex-container has-pattern-background has-mask-background nonhundred-percent-fullwidth non-hundred-percent-height-scrolling\" style=\"--awb-border-radius-top-left:0px;--awb-border-radius-top-right:0px;--awb-border-radius-bottom-right:0px;--awb-border-radius-bottom-left:0px;--awb-flex-wrap:wrap;\" ><div class=\"fusion-builder-row fusion-row fusion-flex-align-items-flex-start fusion-flex-content-wrap\" style=\"max-width:1216.8px;margin-left: calc(-4% \/ 2 );margin-right: calc(-4% \/ 2 );\"><div class=\"fusion-layout-column fusion_builder_column fusion-builder-column-2 fusion_builder_column_1_1 1_1 fusion-flex-column\" style=\"--awb-bg-size:cover;--awb-width-large:100%;--awb-margin-top-large:0px;--awb-spacing-right-large:1.92%;--awb-margin-bottom-large:20px;--awb-spacing-left-large:1.92%;--awb-width-medium:100%;--awb-order-medium:0;--awb-spacing-right-medium:1.92%;--awb-spacing-left-medium:1.92%;--awb-width-small:100%;--awb-order-small:0;--awb-spacing-right-small:1.92%;--awb-spacing-left-small:1.92%;\"><div class=\"fusion-column-wrapper fusion-column-has-shadow fusion-flex-justify-content-flex-start fusion-content-layout-column\"><div class=\"fusion-text fusion-text-2\"><p style=\"text-align: justify;\">Los derechos humanos se refieren a aquellas libertades fundamentales que se adhieren a la dignidad, derechos universales que son inherentes a todo ser humano, independientemente del espacio geogr\u00e1fico y el tiempo, sin aceptar restricciones por edad, sexo, raza, origen, etnia, credo o ideolog\u00eda. Asumimos la responsabilidad de fomentar y ampliar en las leyes, y en la realidad, la protecci\u00f3n de los derechos humanos.<\/p>\n<\/div><\/div><\/div><\/div><\/div><div class=\"fusion-fullwidth fullwidth-box fusion-builder-row-3 fusion-flex-container has-pattern-background has-mask-background hundred-percent-fullwidth non-hundred-percent-height-scrolling\" style=\"--link_color: #ffffff;--awb-border-radius-top-left:0px;--awb-border-radius-top-right:0px;--awb-border-radius-bottom-right:0px;--awb-border-radius-bottom-left:0px;--awb-padding-top:100px;--awb-padding-bottom:50px;--awb-background-color:rgba(247,247,248,0);--awb-flex-wrap:wrap;\" ><div class=\"fusion-builder-row fusion-row fusion-flex-align-items-flex-start fusion-flex-content-wrap\" style=\"width:104% !important;max-width:104% !important;margin-left: calc(-4% \/ 2 );margin-right: calc(-4% \/ 2 );\"><div class=\"fusion-layout-column fusion_builder_column fusion-builder-column-3 fusion_builder_column_1_1 1_1 fusion-flex-column\" style=\"--awb-bg-size:cover;--awb-width-large:100%;--awb-margin-top-large:0px;--awb-spacing-right-large:1.92%;--awb-margin-bottom-large:20px;--awb-spacing-left-large:1.92%;--awb-width-medium:100%;--awb-order-medium:0;--awb-spacing-right-medium:1.92%;--awb-spacing-left-medium:1.92%;--awb-width-small:100%;--awb-order-small:0;--awb-spacing-right-small:1.92%;--awb-spacing-left-small:1.92%;\"><div class=\"fusion-column-wrapper fusion-column-has-shadow fusion-flex-justify-content-flex-start fusion-content-layout-column\"><\/div><\/div><\/div><\/div><\/p>\n","protected":false},"excerpt":{"rendered":"","protected":false},"author":1,"featured_media":0,"parent":0,"menu_order":0,"comment_status":"closed","ping_status":"closed","template":"100-width.php","meta":{"_joinchat":[],"footnotes":""},"class_list":["post-5258","page","type-page","status-publish","hentry"],"yoast_head":"<!-- This site is optimized with the Yoast SEO plugin v21.4 - https:\/\/yoast.com\/wordpress\/plugins\/seo\/ -->\n<title>Respeto a los derechos - Partido Alianza<\/title>\n<meta name=\"robots\" content=\"index, follow, max-snippet:-1, max-image-preview:large, max-video-preview:-1\" \/>\n<link rel=\"canonical\" href=\"https:\/\/partidoalianza.com\/?page_id=5258\" \/>\n<meta property=\"og:locale\" content=\"es_ES\" \/>\n<meta property=\"og:type\" content=\"article\" \/>\n<meta property=\"og:title\" content=\"Respeto a los derechos - Partido Alianza\" \/>\n<meta property=\"og:url\" content=\"https:\/\/partidoalianza.com\/?page_id=5258\" \/>\n<meta property=\"og:site_name\" content=\"Partido Alianza\" \/>\n<meta property=\"article:publisher\" content=\"https:\/\/www.facebook.com\/partidoalianza?mibextid=LQQJ4d\" \/>\n<meta property=\"article:modified_time\" content=\"2023-10-21T01:56:39+00:00\" \/>\n<meta name=\"twitter:card\" content=\"summary_large_image\" \/>\n<meta name=\"twitter:label1\" content=\"Tiempo de lectura\" \/>\n\t<meta name=\"twitter:data1\" content=\"21 minutos\" \/>\n<script type=\"application\/ld+json\" class=\"yoast-schema-graph\">{\"@context\":\"https:\/\/schema.org\",\"@graph\":[{\"@type\":\"WebPage\",\"@id\":\"https:\/\/partidoalianza.com\/?page_id=5258\",\"url\":\"https:\/\/partidoalianza.com\/?page_id=5258\",\"name\":\"Respeto a los derechos - Partido Alianza\",\"isPartOf\":{\"@id\":\"https:\/\/partidoalianza.com\/#website\"},\"datePublished\":\"2023-10-20T20:54:31+00:00\",\"dateModified\":\"2023-10-21T01:56:39+00:00\",\"breadcrumb\":{\"@id\":\"https:\/\/partidoalianza.com\/?page_id=5258#breadcrumb\"},\"inLanguage\":\"es\",\"potentialAction\":[{\"@type\":\"ReadAction\",\"target\":[\"https:\/\/partidoalianza.com\/?page_id=5258\"]}]},{\"@type\":\"BreadcrumbList\",\"@id\":\"https:\/\/partidoalianza.com\/?page_id=5258#breadcrumb\",\"itemListElement\":[{\"@type\":\"ListItem\",\"position\":1,\"name\":\"Portada\",\"item\":\"https:\/\/partidoalianza.com\/\"},{\"@type\":\"ListItem\",\"position\":2,\"name\":\"Respeto a los derechos\"}]},{\"@type\":\"WebSite\",\"@id\":\"https:\/\/partidoalianza.com\/#website\",\"url\":\"https:\/\/partidoalianza.com\/\",\"name\":\"Partido Alianza\",\"description\":\"Partido Nacionalista Democr\u00e1tico y Popular\",\"publisher\":{\"@id\":\"https:\/\/partidoalianza.com\/#organization\"},\"potentialAction\":[{\"@type\":\"SearchAction\",\"target\":{\"@type\":\"EntryPoint\",\"urlTemplate\":\"https:\/\/partidoalianza.com\/?s={search_term_string}\"},\"query-input\":\"required name=search_term_string\"}],\"inLanguage\":\"es\"},{\"@type\":\"Organization\",\"@id\":\"https:\/\/partidoalianza.com\/#organization\",\"name\":\"Partido Alianza\",\"url\":\"https:\/\/partidoalianza.com\/\",\"logo\":{\"@type\":\"ImageObject\",\"inLanguage\":\"es\",\"@id\":\"https:\/\/partidoalianza.com\/#\/schema\/logo\/image\/\",\"url\":\"https:\/\/partidoalianza.com\/wp-content\/uploads\/2023\/10\/logo-partido-alianza.jpg\",\"contentUrl\":\"https:\/\/partidoalianza.com\/wp-content\/uploads\/2023\/10\/logo-partido-alianza.jpg\",\"width\":1639,\"height\":1080,\"caption\":\"Partido Alianza\"},\"image\":{\"@id\":\"https:\/\/partidoalianza.com\/#\/schema\/logo\/image\/\"},\"sameAs\":[\"https:\/\/www.facebook.com\/partidoalianza?mibextid=LQQJ4d\",\"https:\/\/www.instagram.com\/partidoalianza_\/?igshid=OGQ5ZDc2ODk2ZA\"]}]}<\/script>\n<!-- \/ Yoast SEO plugin. -->","yoast_head_json":{"title":"Respeto a los derechos - Partido Alianza","robots":{"index":"index","follow":"follow","max-snippet":"max-snippet:-1","max-image-preview":"max-image-preview:large","max-video-preview":"max-video-preview:-1"},"canonical":"https:\/\/partidoalianza.com\/?page_id=5258","og_locale":"es_ES","og_type":"article","og_title":"Respeto a los derechos - Partido Alianza","og_url":"https:\/\/partidoalianza.com\/?page_id=5258","og_site_name":"Partido Alianza","article_publisher":"https:\/\/www.facebook.com\/partidoalianza?mibextid=LQQJ4d","article_modified_time":"2023-10-21T01:56:39+00:00","twitter_card":"summary_large_image","twitter_misc":{"Tiempo de lectura":"21 minutos"},"schema":{"@context":"https:\/\/schema.org","@graph":[{"@type":"WebPage","@id":"https:\/\/partidoalianza.com\/?page_id=5258","url":"https:\/\/partidoalianza.com\/?page_id=5258","name":"Respeto a los derechos - Partido Alianza","isPartOf":{"@id":"https:\/\/partidoalianza.com\/#website"},"datePublished":"2023-10-20T20:54:31+00:00","dateModified":"2023-10-21T01:56:39+00:00","breadcrumb":{"@id":"https:\/\/partidoalianza.com\/?page_id=5258#breadcrumb"},"inLanguage":"es","potentialAction":[{"@type":"ReadAction","target":["https:\/\/partidoalianza.com\/?page_id=5258"]}]},{"@type":"BreadcrumbList","@id":"https:\/\/partidoalianza.com\/?page_id=5258#breadcrumb","itemListElement":[{"@type":"ListItem","position":1,"name":"Portada","item":"https:\/\/partidoalianza.com\/"},{"@type":"ListItem","position":2,"name":"Respeto a los derechos"}]},{"@type":"WebSite","@id":"https:\/\/partidoalianza.com\/#website","url":"https:\/\/partidoalianza.com\/","name":"Partido Alianza","description":"Partido Nacionalista Democr\u00e1tico y Popular","publisher":{"@id":"https:\/\/partidoalianza.com\/#organization"},"potentialAction":[{"@type":"SearchAction","target":{"@type":"EntryPoint","urlTemplate":"https:\/\/partidoalianza.com\/?s={search_term_string}"},"query-input":"required name=search_term_string"}],"inLanguage":"es"},{"@type":"Organization","@id":"https:\/\/partidoalianza.com\/#organization","name":"Partido Alianza","url":"https:\/\/partidoalianza.com\/","logo":{"@type":"ImageObject","inLanguage":"es","@id":"https:\/\/partidoalianza.com\/#\/schema\/logo\/image\/","url":"https:\/\/partidoalianza.com\/wp-content\/uploads\/2023\/10\/logo-partido-alianza.jpg","contentUrl":"https:\/\/partidoalianza.com\/wp-content\/uploads\/2023\/10\/logo-partido-alianza.jpg","width":1639,"height":1080,"caption":"Partido Alianza"},"image":{"@id":"https:\/\/partidoalianza.com\/#\/schema\/logo\/image\/"},"sameAs":["https:\/\/www.facebook.com\/partidoalianza?mibextid=LQQJ4d","https:\/\/www.instagram.com\/partidoalianza_\/?igshid=OGQ5ZDc2ODk2ZA"]}]}},"_links":{"self":[{"href":"https:\/\/partidoalianza.com\/index.php?rest_route=\/wp\/v2\/pages\/5258","targetHints":{"allow":["GET"]}}],"collection":[{"href":"https:\/\/partidoalianza.com\/index.php?rest_route=\/wp\/v2\/pages"}],"about":[{"href":"https:\/\/partidoalianza.com\/index.php?rest_route=\/wp\/v2\/types\/page"}],"author":[{"embeddable":true,"href":"https:\/\/partidoalianza.com\/index.php?rest_route=\/wp\/v2\/users\/1"}],"replies":[{"embeddable":true,"href":"https:\/\/partidoalianza.com\/index.php?rest_route=%2Fwp%2Fv2%2Fcomments&post=5258"}],"version-history":[{"count":3,"href":"https:\/\/partidoalianza.com\/index.php?rest_route=\/wp\/v2\/pages\/5258\/revisions"}],"predecessor-version":[{"id":5414,"href":"https:\/\/partidoalianza.com\/index.php?rest_route=\/wp\/v2\/pages\/5258\/revisions\/5414"}],"wp:attachment":[{"href":"https:\/\/partidoalianza.com\/index.php?rest_route=%2Fwp%2Fv2%2Fmedia&parent=5258"}],"curies":[{"name":"wp","href":"https:\/\/api.w.org\/{rel}","templated":true}]}}